{"id":854,"date":"2023-04-23T09:27:01","date_gmt":"2023-04-23T09:27:01","guid":{"rendered":"https:\/\/www.digitaladvicelab.com\/?page_id=854"},"modified":"2023-10-16T11:59:26","modified_gmt":"2023-10-16T11:59:26","slug":"niyazi-ugur-sesverir","status":"publish","type":"page","link":"https:\/\/www.digitaladvicelab.com\/tr\/niyazi-ugur-sesverir\/","title":{"rendered":"U\u011fur Sesverir Hakk\u0131nda"},"content":{"rendered":"\t\t<div data-elementor-type=\"wp-page\" data-elementor-id=\"854\" class=\"elementor elementor-854 elementor-431\" data-elementor-post-type=\"page\">\n\t\t\t\t<div class=\"elementor-element elementor-element-36a326e animated-slow e-flex e-con-boxed elementor-invisible e-con e-parent\" data-id=\"36a326e\" data-element_type=\"container\" data-e-type=\"container\" data-settings=\"{&quot;animation&quot;:&quot;fadeIn&quot;}\">\n\t\t\t\t\t<div class=\"e-con-inner\">\n\t\t<div class=\"elementor-element elementor-element-8791909 e-con-full e-flex e-con e-child\" data-id=\"8791909\" data-element_type=\"container\" data-e-type=\"container\">\n\t\t\t\t<div class=\"elementor-element elementor-element-05ab536 elementor-widget elementor-widget-image\" data-id=\"05ab536\" data-element_type=\"widget\" data-e-type=\"widget\" data-widget_type=\"image.default\">\n\t\t\t\t\t\t\t\t\t\t\t\t\t\t\t<img fetchpriority=\"high\" decoding=\"async\" width=\"300\" height=\"300\" src=\"https:\/\/www.digitaladvicelab.com\/wp-content\/uploads\/2022\/11\/ugur-sesverir.jpeg\" class=\"attachment-large size-large wp-image-215\" alt=\"U\u011fur Sesverir\" srcset=\"https:\/\/www.digitaladvicelab.com\/wp-content\/uploads\/2022\/11\/ugur-sesverir.jpeg 300w, https:\/\/www.digitaladvicelab.com\/wp-content\/uploads\/2022\/11\/ugur-sesverir-150x150.jpeg 150w\" sizes=\"(max-width: 300px) 100vw, 300px\" \/>\t\t\t\t\t\t\t\t\t\t\t\t\t\t\t<\/div>\n\t\t\t\t<div class=\"elementor-element elementor-element-3d0df17 elementor-shape-circle elementor-grid-mobile-1 e-grid-align-mobile-center elementor-grid-0 e-grid-align-center elementor-widget elementor-widget-social-icons\" data-id=\"3d0df17\" data-element_type=\"widget\" data-e-type=\"widget\" data-widget_type=\"social-icons.default\">\n\t\t\t\t\t\t\t<div class=\"elementor-social-icons-wrapper elementor-grid\">\n\t\t\t\t\t\t\t<span class=\"elementor-grid-item\">\n\t\t\t\t\t<a class=\"elementor-icon elementor-social-icon elementor-social-icon-linkedin elementor-repeater-item-1c08df5\" href=\"https:\/\/tr.linkedin.com\/in\/nusesverir\" target=\"_blank\" rel=\"nofollow noopener\">\n\t\t\t\t\t\t<span class=\"elementor-screen-only\">Linkedin<\/span>\n\t\t\t\t\t\t<svg aria-hidden=\"true\" class=\"e-font-icon-svg e-fab-linkedin\" viewBox=\"0 0 448 512\" xmlns=\"http:\/\/www.w3.org\/2000\/svg\"><path d=\"M416 32H31.9C14.3 32 0 46.5 0 64.3v383.4C0 465.5 14.3 480 31.9 480H416c17.6 0 32-14.5 32-32.3V64.3c0-17.8-14.4-32.3-32-32.3zM135.4 416H69V202.2h66.5V416zm-33.2-243c-21.3 0-38.5-17.3-38.5-38.5S80.9 96 102.2 96c21.2 0 38.5 17.3 38.5 38.5 0 21.3-17.2 38.5-38.5 38.5zm282.1 243h-66.4V312c0-24.8-.5-56.7-34.5-56.7-34.6 0-39.9 27-39.9 54.9V416h-66.4V202.2h63.7v29.2h.9c8.9-16.8 30.6-34.5 62.9-34.5 67.2 0 79.7 44.3 79.7 101.9V416z\"><\/path><\/svg>\t\t\t\t\t<\/a>\n\t\t\t\t<\/span>\n\t\t\t\t\t<\/div>\n\t\t\t\t\t\t<\/div>\n\t\t\t\t<\/div>\n\t\t<div class=\"elementor-element elementor-element-a14fb5c e-con-full e-flex e-con e-child\" data-id=\"a14fb5c\" data-element_type=\"container\" data-e-type=\"container\">\n\t\t\t\t<div class=\"elementor-element elementor-element-5f44630 elementor-widget elementor-widget-theme-post-title elementor-page-title elementor-widget-heading\" data-id=\"5f44630\" data-element_type=\"widget\" data-e-type=\"widget\" data-widget_type=\"theme-post-title.default\">\n\t\t\t\t\t<h2 class=\"elementor-heading-title elementor-size-default\">U\u011fur Sesverir Hakk\u0131nda<\/h2>\t\t\t\t<\/div>\n\t\t\t\t<div class=\"elementor-element elementor-element-c4134c7 elementor-widget elementor-widget-text-editor\" data-id=\"c4134c7\" data-element_type=\"widget\" data-e-type=\"widget\" data-widget_type=\"text-editor.default\">\n\t\t\t\t\t\t\t\t\t<p><span style=\"color: var( --e-global-color-secondary ); font-family: var( --e-global-typography-text-font-family ), Sans-serif; font-weight: var( --e-global-typography-text-font-weight ); font-size: 1rem;\">N. U\u011fur Sesverir,<\/span><span style=\"color: var( --e-global-color-secondary ); font-family: var( --e-global-typography-text-font-family ), Sans-serif; font-weight: var( --e-global-typography-text-font-weight ); font-size: 1rem;\">\u00a0<\/span>2010 y\u0131l\u0131nda Dijital B\u00fcro \u0130stanbul&#8217;da \u00e7al\u0131\u015fmaya ba\u015flad\u0131 ve 2016 y\u0131l\u0131nda Genel M\u00fcd\u00fcr Yard\u0131mc\u0131s\u0131 oldu. Bu g\u00f6revi Kas\u0131m 2020&#8217;ye kadar s\u00fcrd\u00fcrd\u00fc. Bu s\u00fcre zarf\u0131nda \u00e7e\u015fitli sekt\u00f6rlerden 300&#8217;den fazla markaya hizmet verdi. Ayr\u0131ca ajans i\u00e7inde farkl\u0131 departmanlarda g\u00f6revler \u00fcstlendi ve ajans d\u0131\u015f\u0131nda \u00e7e\u015fitli akademilerde e\u011fitmenlik yapt\u0131. Kas\u0131m 2020 itibariyle Digital Advice Lab ekibine kat\u0131lm\u0131\u015ft\u0131r.<\/p>\t\t\t\t\t\t\t\t<\/div>\n\t\t\t\t<\/div>\n\t\t\t\t\t<\/div>\n\t\t\t\t<\/div>\n\t\t\t\t<\/div>\n\t\t","protected":false},"excerpt":{"rendered":"<p>Linkedin N. U\u011fur Sesverir,\u00a02010 y\u0131l\u0131nda Dijital B\u00fcro \u0130stanbul&#8217;da \u00e7al\u0131\u015fmaya ba\u015flad\u0131 ve 2016 y\u0131l\u0131nda Genel M\u00fcd\u00fcr Yard\u0131mc\u0131s\u0131 oldu. Bu g\u00f6revi Kas\u0131m 2020&#8217;ye kadar s\u00fcrd\u00fcrd\u00fc. Bu s\u00fcre zarf\u0131nda \u00e7e\u015fitli sekt\u00f6rlerden 300&#8217;den fazla markaya hizmet verdi. Ayr\u0131ca ajans i\u00e7inde farkl\u0131 departmanlarda g\u00f6revler \u00fcstlendi ve ajans d\u0131\u015f\u0131nda \u00e7e\u015fitli akademilerde e\u011fitmenlik yapt\u0131. Kas\u0131m 2020 itibariyle Digital Advice Lab ekibine kat\u0131lm\u0131\u015ft\u0131r.<\/p>\n","protected":false},"author":2,"featured_media":215,"parent":0,"menu_order":0,"comment_status":"closed","ping_status":"closed","template":"","meta":{"footnotes":""},"folder":[98],"class_list":["post-854","page","type-page","status-publish","has-post-thumbnail","hentry"],"_links":{"self":[{"href":"https:\/\/www.digitaladvicelab.com\/tr\/wp-json\/wp\/v2\/pages\/854","targetHints":{"allow":["GET"]}}],"collection":[{"href":"https:\/\/www.digitaladvicelab.com\/tr\/wp-json\/wp\/v2\/pages"}],"about":[{"href":"https:\/\/www.digitaladvicelab.com\/tr\/wp-json\/wp\/v2\/types\/page"}],"author":[{"embeddable":true,"href":"https:\/\/www.digitaladvicelab.com\/tr\/wp-json\/wp\/v2\/users\/2"}],"replies":[{"embeddable":true,"href":"https:\/\/www.digitaladvicelab.com\/tr\/wp-json\/wp\/v2\/comments?post=854"}],"version-history":[{"count":18,"href":"https:\/\/www.digitaladvicelab.com\/tr\/wp-json\/wp\/v2\/pages\/854\/revisions"}],"predecessor-version":[{"id":3348,"href":"https:\/\/www.digitaladvicelab.com\/tr\/wp-json\/wp\/v2\/pages\/854\/revisions\/3348"}],"wp:featuredmedia":[{"embeddable":true,"href":"https:\/\/www.digitaladvicelab.com\/tr\/wp-json\/wp\/v2\/media\/215"}],"wp:attachment":[{"href":"https:\/\/www.digitaladvicelab.com\/tr\/wp-json\/wp\/v2\/media?parent=854"}],"wp:term":[{"taxonomy":"folder","embeddable":true,"href":"https:\/\/www.digitaladvicelab.com\/tr\/wp-json\/wp\/v2\/folder?post=854"}],"curies":[{"name":"wp","href":"https:\/\/api.w.org\/{rel}","templated":true}]}}