{"id":1095,"date":"2023-06-18T09:04:18","date_gmt":"2023-06-18T09:04:18","guid":{"rendered":"https:\/\/www.digitaladvicelab.com\/?page_id=1095"},"modified":"2023-10-13T08:03:43","modified_gmt":"2023-10-13T08:03:43","slug":"cerez-politikasi","status":"publish","type":"page","link":"https:\/\/www.digitaladvicelab.com\/tr\/cerez-politikasi\/","title":{"rendered":"\u00c7erez Politikas\u0131"},"content":{"rendered":"\t\t<div data-elementor-type=\"wp-page\" data-elementor-id=\"1095\" class=\"elementor elementor-1095 elementor-1081\" data-elementor-post-type=\"page\">\n\t\t\t\t<div class=\"elementor-element elementor-element-9044dc4 animated-slow e-flex e-con-boxed elementor-invisible e-con e-parent\" data-id=\"9044dc4\" data-element_type=\"container\" data-e-type=\"container\" data-settings=\"{&quot;animation&quot;:&quot;fadeIn&quot;}\">\n\t\t\t\t\t<div class=\"e-con-inner\">\n\t\t<div class=\"elementor-element elementor-element-c138105 e-con-full e-flex e-con e-child\" data-id=\"c138105\" data-element_type=\"container\" data-e-type=\"container\">\n\t\t\t\t<div class=\"elementor-element elementor-element-adaf2bf elementor-widget elementor-widget-heading\" data-id=\"adaf2bf\" data-element_type=\"widget\" data-e-type=\"widget\" data-widget_type=\"heading.default\">\n\t\t\t\t\t<h2 class=\"elementor-heading-title elementor-size-default\">\u00c7erez Politikam\u0131z Hakk\u0131nda<\/h2>\t\t\t\t<\/div>\n\t\t\t\t<div class=\"elementor-element elementor-element-506ec47 elementor-widget elementor-widget-text-editor\" data-id=\"506ec47\" data-element_type=\"widget\" data-e-type=\"widget\" data-widget_type=\"text-editor.default\">\n\t\t\t\t\t\t\t\t\t<p><span style=\"font-weight: 400;\">Y\u00fcr\u00fcrl\u00fck Tarihi: 18-Haziran-2023<\/span><\/p><p><span style=\"font-weight: 400;\">Son G\u00fcncelleme: 18-Haziran-2023<\/span><\/p><p><span style=\"text-decoration: underline;\"><strong>\u00c7erez nedir?<\/strong><\/span><\/p><p><span style=\"font-weight: 400;\">Bu \u00c7erez Politikas\u0131, \u00e7erezlerin ne oldu\u011funu ve onlar\u0131 nas\u0131l kulland\u0131\u011f\u0131m\u0131z\u0131, kulland\u0131\u011f\u0131m\u0131z \u00e7erez t\u00fcrlerini, yani \u00e7erezleri kullanarak toplad\u0131\u011f\u0131m\u0131z bilgileri ve bu bilgilerin nas\u0131l kullan\u0131ld\u0131\u011f\u0131n\u0131 ve \u00e7erez ayarlar\u0131n\u0131n nas\u0131l y\u00f6netilece\u011fini a\u00e7\u0131klar.<\/span><\/p><p><span style=\"font-weight: 400;\">Tan\u0131mlama bilgileri, k\u00fc\u00e7\u00fck bilgi par\u00e7alar\u0131n\u0131 depolamak i\u00e7in kullan\u0131lan k\u00fc\u00e7\u00fck metin dosyalar\u0131d\u0131r. Web sitesi taray\u0131c\u0131n\u0131za y\u00fcklendi\u011finde cihaz\u0131n\u0131zda saklan\u0131rlar. Bu \u00e7erezler, web sitesinin d\u00fczg\u00fcn \u00e7al\u0131\u015fmas\u0131n\u0131 sa\u011flamam\u0131za, daha g\u00fcvenli hale getirmemize, daha iyi kullan\u0131c\u0131 deneyimi sa\u011flamam\u0131za ve web sitesinin nas\u0131l \u00e7al\u0131\u015ft\u0131\u011f\u0131n\u0131 anlamam\u0131za ve nelerin i\u015fe yaray\u0131p nerelerde iyile\u015ftirilmesi gerekti\u011fini analiz etmemize yard\u0131mc\u0131 olur.<\/span><\/p><p><span style=\"text-decoration: underline;\"><strong>\u00c7erezleri nas\u0131l kullan\u0131r\u0131z?<\/strong><\/span><\/p><p><span style=\"font-weight: 400;\">\u00c7evrimi\u00e7i hizmetlerin \u00e7o\u011fu gibi, web sitemiz de \u00e7e\u015fitli ama\u00e7lar i\u00e7in birinci taraf ve \u00fc\u00e7\u00fcnc\u00fc taraf \u00e7erezleri kullan\u0131r. Birinci taraf tan\u0131mlama bilgileri \u00e7o\u011funlukla web sitesinin do\u011fru \u015fekilde \u00e7al\u0131\u015fmas\u0131 i\u00e7in gereklidir ve ki\u015fisel olarak tan\u0131mlanabilir verilerinizin hi\u00e7birini toplamazlar.<\/span><\/p><p><span style=\"font-weight: 400;\">Web sitemizde kullan\u0131lan \u00fc\u00e7\u00fcnc\u00fc taraf tan\u0131mlama bilgileri, temel olarak web sitesinin nas\u0131l performans g\u00f6sterdi\u011fini, web sitemizle nas\u0131l etkile\u015fimde bulundu\u011funuzu anlamak, hizmetlerimizi g\u00fcvende tutmak, sizinle alakal\u0131 reklamlar sa\u011flamak ve sonu\u00e7 olarak size daha iyi ve geli\u015fmi\u015f bir kullan\u0131c\u0131 sa\u011flamak i\u00e7indir. deneyimleyin ve web sitemizle gelecekteki etkile\u015fimlerinizi h\u0131zland\u0131rmaya yard\u0131mc\u0131 olun.<\/span><\/p><p><span style=\"text-decoration: underline;\"><strong>\u00c7erez tercihlerinin y\u00f6netimi<\/strong><\/span><\/p><p><span style=\"font-weight: 400;\">\u00c7<\/span>erez tercihlerinizi istedi\u011finiz zaman de\u011fi\u015ftirebilirsiniz. Bu, \u00e7erez onay ba\u015fl\u0131\u011f\u0131n\u0131 tekrar ziyaret etmenize ve tercihlerinizi de\u011fi\u015ftirmenize veya onay\u0131n\u0131z\u0131 hemen geri \u00e7ekmenize olanak tan\u0131r.<\/p><p><span style=\"font-weight: 400;\">Buna ek olarak, farkl\u0131 taray\u0131c\u0131lar, web siteleri taraf\u0131ndan kullan\u0131lan \u00e7erezleri engellemek ve silmek i\u00e7in farkl\u0131 y\u00f6ntemler sunar. \u00c7erezleri engellemek\/silmek i\u00e7in taray\u0131c\u0131n\u0131z\u0131n ayarlar\u0131n\u0131 de\u011fi\u015ftirebilirsiniz. A\u015fa\u011f\u0131da, ba\u015fl\u0131ca web taray\u0131c\u0131lar\u0131ndan \u00e7erezlerin nas\u0131l y\u00f6netilece\u011fi ve silinece\u011fine ili\u015fkin destek belgelerinin ba\u011flant\u0131lar\u0131 listelenmi\u015ftir.<\/span><\/p><p><span style=\"font-weight: 400;\">Chrome: https:\/\/support.google.com\/accounts\/answer\/32050<\/span><\/p><p><span style=\"font-weight: 400;\">Safari: https:\/\/support.apple.com\/en-in\/guide\/safari\/sfri11471\/mac<\/span><\/p><p><span style=\"font-weight: 400;\">Firefox: https:\/\/support.mozilla.org\/en-US\/kb\/clear-cookies-and-site-data-firefox?redirectslug=delete-cookies-remove-info-websites-stored&amp;redirectlocale=en-US<\/span><\/p><p><span style=\"font-weight: 400;\">Internet Explorer: https:\/\/support.microsoft.com\/en-us\/topic\/how-to-delete-cookie-files-in-internet-explorer-bca9446f-d873-78de-77ba-d42645fa52fc<\/span><\/p><p><span style=\"font-weight: 400;\">Ba\u015fka bir web taray\u0131c\u0131s\u0131 kullan\u0131yorsan\u0131z, l\u00fctfen taray\u0131c\u0131n\u0131z\u0131n resmi destek belgelerini ziyaret edin.<\/span><\/p>\t\t\t\t\t\t\t\t<\/div>\n\t\t\t\t<\/div>\n\t\t\t\t\t<\/div>\n\t\t\t\t<\/div>\n\t\t\t\t<\/div>\n\t\t","protected":false},"excerpt":{"rendered":"<p>\u00c7erez Politikam\u0131z Hakk\u0131nda Y\u00fcr\u00fcrl\u00fck Tarihi: 18-Haziran-2023 Son G\u00fcncelleme: 18-Haziran-2023 \u00c7erez nedir? Bu \u00c7erez Politikas\u0131, \u00e7erezlerin ne oldu\u011funu ve onlar\u0131 nas\u0131l kulland\u0131\u011f\u0131m\u0131z\u0131, kulland\u0131\u011f\u0131m\u0131z \u00e7erez t\u00fcrlerini, yani \u00e7erezleri kullanarak toplad\u0131\u011f\u0131m\u0131z bilgileri ve bu bilgilerin nas\u0131l kullan\u0131ld\u0131\u011f\u0131n\u0131 ve \u00e7erez ayarlar\u0131n\u0131n nas\u0131l y\u00f6netilece\u011fini a\u00e7\u0131klar. Tan\u0131mlama bilgileri, k\u00fc\u00e7\u00fck bilgi par\u00e7alar\u0131n\u0131 depolamak i\u00e7in kullan\u0131lan k\u00fc\u00e7\u00fck metin dosyalar\u0131d\u0131r. Web sitesi taray\u0131c\u0131n\u0131za y\u00fcklendi\u011finde [&hellip;]<\/p>\n","protected":false},"author":1,"featured_media":0,"parent":0,"menu_order":0,"comment_status":"closed","ping_status":"closed","template":"","meta":{"footnotes":""},"folder":[96],"class_list":["post-1095","page","type-page","status-publish","hentry"],"_links":{"self":[{"href":"https:\/\/www.digitaladvicelab.com\/tr\/wp-json\/wp\/v2\/pages\/1095","targetHints":{"allow":["GET"]}}],"collection":[{"href":"https:\/\/www.digitaladvicelab.com\/tr\/wp-json\/wp\/v2\/pages"}],"about":[{"href":"https:\/\/www.digitaladvicelab.com\/tr\/wp-json\/wp\/v2\/types\/page"}],"author":[{"embeddable":true,"href":"https:\/\/www.digitaladvicelab.com\/tr\/wp-json\/wp\/v2\/users\/1"}],"replies":[{"embeddable":true,"href":"https:\/\/www.digitaladvicelab.com\/tr\/wp-json\/wp\/v2\/comments?post=1095"}],"version-history":[{"count":11,"href":"https:\/\/www.digitaladvicelab.com\/tr\/wp-json\/wp\/v2\/pages\/1095\/revisions"}],"predecessor-version":[{"id":3151,"href":"https:\/\/www.digitaladvicelab.com\/tr\/wp-json\/wp\/v2\/pages\/1095\/revisions\/3151"}],"wp:attachment":[{"href":"https:\/\/www.digitaladvicelab.com\/tr\/wp-json\/wp\/v2\/media?parent=1095"}],"wp:term":[{"taxonomy":"folder","embeddable":true,"href":"https:\/\/www.digitaladvicelab.com\/tr\/wp-json\/wp\/v2\/folder?post=1095"}],"curies":[{"name":"wp","href":"https:\/\/api.w.org\/{rel}","templated":true}]}}