{"id":1021,"date":"2023-06-01T13:59:01","date_gmt":"2023-06-01T13:59:01","guid":{"rendered":"https:\/\/www.digitaladvicelab.com\/?page_id=1021"},"modified":"2023-10-13T09:24:56","modified_gmt":"2023-10-13T09:24:56","slug":"cozum-ortaklarimiz","status":"publish","type":"page","link":"https:\/\/www.digitaladvicelab.com\/tr\/cozum-ortaklarimiz\/","title":{"rendered":"\u00c7\u00f6z\u00fcm Ortaklar\u0131m\u0131z"},"content":{"rendered":"\t\t<div data-elementor-type=\"wp-page\" data-elementor-id=\"1021\" class=\"elementor elementor-1021\" data-elementor-post-type=\"page\">\n\t\t\t\t<div class=\"elementor-element elementor-element-df01de6 animated-slow e-flex e-con-boxed elementor-invisible e-con e-parent\" data-id=\"df01de6\" data-element_type=\"container\" data-e-type=\"container\" data-settings=\"{&quot;animation&quot;:&quot;fadeIn&quot;}\">\n\t\t\t\t\t<div class=\"e-con-inner\">\n\t\t<div class=\"elementor-element elementor-element-25de14f e-con-full e-flex e-con e-child\" data-id=\"25de14f\" data-element_type=\"container\" data-e-type=\"container\" data-settings=\"{&quot;background_background&quot;:&quot;classic&quot;}\">\n\t\t\t\t<div class=\"elementor-element elementor-element-4513bd7 elementor-widget__width-auto e-transform elementor-widget elementor-widget-image\" data-id=\"4513bd7\" data-element_type=\"widget\" data-e-type=\"widget\" data-settings=\"{&quot;_transform_rotateZ_effect&quot;:{&quot;unit&quot;:&quot;px&quot;,&quot;size&quot;:&quot;&quot;,&quot;sizes&quot;:[]},&quot;_transform_rotateZ_effect_tablet&quot;:{&quot;unit&quot;:&quot;deg&quot;,&quot;size&quot;:&quot;&quot;,&quot;sizes&quot;:[]},&quot;_transform_rotateZ_effect_mobile&quot;:{&quot;unit&quot;:&quot;deg&quot;,&quot;size&quot;:&quot;&quot;,&quot;sizes&quot;:[]}}\" data-widget_type=\"image.default\">\n\t\t\t\t\t\t\t\t\t\t\t\t\t\t\t<img decoding=\"async\" width=\"150\" height=\"150\" src=\"https:\/\/www.digitaladvicelab.com\/wp-content\/uploads\/2023\/05\/adjust-logo-150x150.png\" class=\"attachment-thumbnail size-thumbnail wp-image-2002\" alt=\"Adjust Logo\" srcset=\"https:\/\/www.digitaladvicelab.com\/wp-content\/uploads\/2023\/05\/adjust-logo-150x150.png 150w, https:\/\/www.digitaladvicelab.com\/wp-content\/uploads\/2023\/05\/elementor\/thumbs\/adjust-logo-q79vd497395dk239n8veeemyvrljb4dnn0v4g4qvag.png 100w, https:\/\/www.digitaladvicelab.com\/wp-content\/uploads\/2023\/05\/elementor\/thumbs\/adjust-logo-qa8nf3plscfkn4oq34dibnymnan1mocct3tqs3uiem.png 75w, https:\/\/www.digitaladvicelab.com\/wp-content\/uploads\/2023\/05\/elementor\/thumbs\/adjust-logo-q79vd496hbr5r20efsftcd7sd3hpz8rsp4kjdfi99w.png 50w, https:\/\/www.digitaladvicelab.com\/wp-content\/uploads\/2023\/05\/elementor\/thumbs\/adjust-logo-q79vd496lpmswutrvoixjz3mgtwvuf3dab11zkjza0.png 60w, https:\/\/www.digitaladvicelab.com\/wp-content\/uploads\/2023\/05\/elementor\/thumbs\/adjust-logo-q79vd496q3ig2nn5bkm1rkzgkkc1plexvhhklplpa4.png 70w, https:\/\/www.digitaladvicelab.com\/wp-content\/uploads\/2023\/05\/adjust-logo.png 200w\" sizes=\"(max-width: 150px) 100vw, 150px\" \/>\t\t\t\t\t\t\t\t\t\t\t\t\t\t\t<\/div>\n\t\t\t\t<div class=\"elementor-element elementor-element-37e284a elementor-widget elementor-widget-heading\" data-id=\"37e284a\" data-element_type=\"widget\" data-e-type=\"widget\" data-widget_type=\"heading.default\">\n\t\t\t\t\t<h2 class=\"elementor-heading-title elementor-size-default\">Adjust \u00c7\u00f6z\u00fcm Partneri<\/h2>\t\t\t\t<\/div>\n\t\t\t\t<div class=\"elementor-element elementor-element-11e52ec elementor-widget elementor-widget-text-editor\" data-id=\"11e52ec\" data-element_type=\"widget\" data-e-type=\"widget\" data-widget_type=\"text-editor.default\">\n\t\t\t\t\t\t\t\t\t<p>Digital Advice Lab, Adjust mobil \u00f6l\u00e7\u00fcm arac\u0131n\u0131n T\u00fcrkiye&#8217;deki yetkili \u00e7\u00f6z\u00fcm ortaklar\u0131ndan biridir.<\/p><p>Mobil uygulamalar ile firmalara stratejik ve operasyonel destek sa\u011fl\u0131yoruz.<\/p><p>Ayr\u0131nt\u0131l\u0131 bilgi i\u00e7in buraya <a href=\"https:\/\/www.adjust.com\/partners\/solutions-partners\/listing\/\" rel=\"nofollow noopener\" target=\"_blank\">t\u0131klay\u0131n<\/a>.<\/p>\t\t\t\t\t\t\t\t<\/div>\n\t\t\t\t<\/div>\n\t\t\t\t\t<\/div>\n\t\t\t\t<\/div>\n\t\t\t\t<\/div>\n\t\t","protected":false},"excerpt":{"rendered":"<p>Adjust \u00c7\u00f6z\u00fcm Partneri Digital Advice Lab, Adjust mobil \u00f6l\u00e7\u00fcm arac\u0131n\u0131n T\u00fcrkiye&#8217;deki yetkili \u00e7\u00f6z\u00fcm ortaklar\u0131ndan biridir. Mobil uygulamalar ile firmalara stratejik ve operasyonel destek sa\u011fl\u0131yoruz. Ayr\u0131nt\u0131l\u0131 bilgi i\u00e7in buraya t\u0131klay\u0131n.<\/p>\n","protected":false},"author":2,"featured_media":0,"parent":0,"menu_order":0,"comment_status":"closed","ping_status":"closed","template":"","meta":{"footnotes":""},"folder":[99],"class_list":["post-1021","page","type-page","status-publish","hentry"],"_links":{"self":[{"href":"https:\/\/www.digitaladvicelab.com\/tr\/wp-json\/wp\/v2\/pages\/1021","targetHints":{"allow":["GET"]}}],"collection":[{"href":"https:\/\/www.digitaladvicelab.com\/tr\/wp-json\/wp\/v2\/pages"}],"about":[{"href":"https:\/\/www.digitaladvicelab.com\/tr\/wp-json\/wp\/v2\/types\/page"}],"author":[{"embeddable":true,"href":"https:\/\/www.digitaladvicelab.com\/tr\/wp-json\/wp\/v2\/users\/2"}],"replies":[{"embeddable":true,"href":"https:\/\/www.digitaladvicelab.com\/tr\/wp-json\/wp\/v2\/comments?post=1021"}],"version-history":[{"count":20,"href":"https:\/\/www.digitaladvicelab.com\/tr\/wp-json\/wp\/v2\/pages\/1021\/revisions"}],"predecessor-version":[{"id":3222,"href":"https:\/\/www.digitaladvicelab.com\/tr\/wp-json\/wp\/v2\/pages\/1021\/revisions\/3222"}],"wp:attachment":[{"href":"https:\/\/www.digitaladvicelab.com\/tr\/wp-json\/wp\/v2\/media?parent=1021"}],"wp:term":[{"taxonomy":"folder","embeddable":true,"href":"https:\/\/www.digitaladvicelab.com\/tr\/wp-json\/wp\/v2\/folder?post=1021"}],"curies":[{"name":"wp","href":"https:\/\/api.w.org\/{rel}","templated":true}]}}